{"id":17,"date":"2023-10-29T15:11:47","date_gmt":"2023-10-29T14:11:47","guid":{"rendered":"https:\/\/marcrebuffo.com\/?page_id=17"},"modified":"2025-10-29T12:00:49","modified_gmt":"2025-10-29T11:00:49","slug":"le-nouveau-e-mucem-ouvre-ses-portes-2","status":"publish","type":"page","link":"https:\/\/marcrebuffo.com\/","title":{"rendered":"Marc REBUFFO &amp; Karen ZERBIB"},"content":{"rendered":"\n<div class=\"wp-block-group alignwide\"><div class=\"wp-block-group__inner-container is-layout-flow wp-block-group-is-layout-flow\">\n<h2 class=\"wp-block-heading alignwide has-text-align-center\">Apiculteurs, r\u00e9coltants, producteurs de miel, gel\u00e9e royale, produits d\u00e9riv\u00e9s du miel (nougats, bonbons, pains d&rsquo;\u00e9pices&#8230;)<\/h2>\n\n\n\n<h2 class=\"wp-block-heading alignwide has-text-align-center\">Destruction de nids de frelons (interventions garanties toutes hauteurs et prix comp\u00e9titifs)<\/h2>\n<\/div><\/div>\n\n\n\n<p class=\"has-text-align-center has-larger-font-size\"><strong>Tel 06 20 65 64 30 <\/strong>           7\/7 jours   24\/24<\/p>\n\n\n\n<div class=\"wp-block-columns is-layout-flex wp-container-core-columns-is-layout-9d6595d7 wp-block-columns-is-layout-flex\">\n<div class=\"wp-block-column is-layout-flow wp-block-column-is-layout-flow\">\n<figure class=\"wp-block-image size-full is-resized\"><img loading=\"lazy\" decoding=\"async\" width=\"589\" height=\"439\" src=\"https:\/\/marcrebuffo.com\/wp-content\/uploads\/2024\/01\/thumbnail_FB_IMG_1702821603611.jpg\" alt=\"\" class=\"wp-image-190\" style=\"width:746px;height:auto\" srcset=\"https:\/\/marcrebuffo.com\/wp-content\/uploads\/2024\/01\/thumbnail_FB_IMG_1702821603611.jpg 589w, https:\/\/marcrebuffo.com\/wp-content\/uploads\/2024\/01\/thumbnail_FB_IMG_1702821603611-300x224.jpg 300w\" sizes=\"auto, (max-width: 589px) 100vw, 589px\" \/><figcaption class=\"wp-element-caption\">Article paru dans Nice Matin du 15 d\u00e9cembre 2023. <br><a href=\"https:\/\/www.nicematin.com\/vie-locale\/une-nouvelle-miellerie-bientot-creee-au-plan-891609\" data-type=\"link\" data-id=\"https:\/\/www.nicematin.com\/vie-locale\/une-nouvelle-miellerie-bientot-creee-au-plan-891609\">https:\/\/www.nicematin.com\/vie-locale\/une-nouvelle-miellerie-bientot-creee-au-plan-891609<\/a><br>Ouverture de la miellerie pr\u00e9vue le 01\/03\/2024. Vous pourrez venir la visiter et d\u00e9couvrir le monde des abeilles. Sur place vous trouverez notre production de miel, notre production de Gel\u00e9e royale ainsi que nos produits d\u00e9riv\u00e9s. En attendant, vous pouvez continuer \u00e0 acheter notre production de miel en nous t\u00e9l\u00e9phonant au 06 20 65 64 30 \/ 06 16 62 80 88<\/figcaption><\/figure>\n<\/div>\n<\/div>\n\n\n\n<p><\/p>\n\n\n\n<figure class=\"wp-block-image size-full is-resized\"><img loading=\"lazy\" decoding=\"async\" width=\"720\" height=\"720\" src=\"https:\/\/marcrebuffo.com\/wp-content\/uploads\/2024\/01\/thumbnail_IMG-20230728-WA0013.jpg\" alt=\"\" class=\"wp-image-189\" style=\"width:459px;height:auto\" srcset=\"https:\/\/marcrebuffo.com\/wp-content\/uploads\/2024\/01\/thumbnail_IMG-20230728-WA0013.jpg 720w, https:\/\/marcrebuffo.com\/wp-content\/uploads\/2024\/01\/thumbnail_IMG-20230728-WA0013-450x450.jpg 450w, https:\/\/marcrebuffo.com\/wp-content\/uploads\/2024\/01\/thumbnail_IMG-20230728-WA0013-100x100.jpg 100w, https:\/\/marcrebuffo.com\/wp-content\/uploads\/2024\/01\/thumbnail_IMG-20230728-WA0013-600x600.jpg 600w, https:\/\/marcrebuffo.com\/wp-content\/uploads\/2024\/01\/thumbnail_IMG-20230728-WA0013-300x300.jpg 300w, https:\/\/marcrebuffo.com\/wp-content\/uploads\/2024\/01\/thumbnail_IMG-20230728-WA0013-150x150.jpg 150w\" sizes=\"auto, (max-width: 720px) 100vw, 720px\" \/><\/figure>\n\n\n\n<div class=\"wp-block-group alignwide\"><div class=\"wp-block-group__inner-container is-layout-flow wp-block-group-is-layout-flow\">\n<figure class=\"wp-block-image size-large is-resized\"><img loading=\"lazy\" decoding=\"async\" width=\"1024\" height=\"758\" src=\"https:\/\/marcrebuffo.com\/wp-content\/uploads\/2024\/01\/thumbnail_Screenshot_20210713_235716-1024x758.jpg\" alt=\"\" class=\"wp-image-188\" style=\"width:455px;height:auto\" srcset=\"https:\/\/marcrebuffo.com\/wp-content\/uploads\/2024\/01\/thumbnail_Screenshot_20210713_235716-1024x758.jpg 1024w, https:\/\/marcrebuffo.com\/wp-content\/uploads\/2024\/01\/thumbnail_Screenshot_20210713_235716-600x444.jpg 600w, https:\/\/marcrebuffo.com\/wp-content\/uploads\/2024\/01\/thumbnail_Screenshot_20210713_235716-300x222.jpg 300w, https:\/\/marcrebuffo.com\/wp-content\/uploads\/2024\/01\/thumbnail_Screenshot_20210713_235716-768x568.jpg 768w, https:\/\/marcrebuffo.com\/wp-content\/uploads\/2024\/01\/thumbnail_Screenshot_20210713_235716.jpg 1080w\" sizes=\"auto, (max-width: 1024px) 100vw, 1024px\" \/><\/figure>\n<\/div><\/div>\n\n\n\n<figure class=\"wp-block-gallery has-nested-images columns-default is-cropped wp-block-gallery-1 is-layout-flex wp-block-gallery-is-layout-flex\">\n<figure class=\"wp-block-image size-large\"><img loading=\"lazy\" decoding=\"async\" width=\"960\" height=\"540\" data-id=\"236\" src=\"https:\/\/marcrebuffo.com\/wp-content\/uploads\/2024\/01\/IMG_5490-1.jpg\" alt=\"\" class=\"wp-image-236\" srcset=\"https:\/\/marcrebuffo.com\/wp-content\/uploads\/2024\/01\/IMG_5490-1.jpg 960w, https:\/\/marcrebuffo.com\/wp-content\/uploads\/2024\/01\/IMG_5490-1-600x338.jpg 600w, https:\/\/marcrebuffo.com\/wp-content\/uploads\/2024\/01\/IMG_5490-1-300x169.jpg 300w, https:\/\/marcrebuffo.com\/wp-content\/uploads\/2024\/01\/IMG_5490-1-768x432.jpg 768w\" sizes=\"auto, (max-width: 960px) 100vw, 960px\" \/><\/figure>\n<\/figure>\n\n\n\n<figure class=\"wp-block-gallery has-nested-images columns-default is-cropped wp-block-gallery-2 is-layout-flex wp-block-gallery-is-layout-flex\">\n<figure class=\"wp-block-image size-large\"><img loading=\"lazy\" decoding=\"async\" width=\"720\" height=\"480\" data-id=\"240\" src=\"https:\/\/marcrebuffo.com\/wp-content\/uploads\/2024\/01\/IMG_5495.jpg\" alt=\"\" class=\"wp-image-240\" srcset=\"https:\/\/marcrebuffo.com\/wp-content\/uploads\/2024\/01\/IMG_5495.jpg 720w, https:\/\/marcrebuffo.com\/wp-content\/uploads\/2024\/01\/IMG_5495-600x400.jpg 600w, https:\/\/marcrebuffo.com\/wp-content\/uploads\/2024\/01\/IMG_5495-300x200.jpg 300w\" sizes=\"auto, (max-width: 720px) 100vw, 720px\" \/><\/figure>\n<\/figure>\n\n\n\n<figure class=\"wp-block-gallery has-nested-images columns-default is-cropped wp-block-gallery-3 is-layout-flex wp-block-gallery-is-layout-flex\">\n<figure class=\"wp-block-image size-large\"><img loading=\"lazy\" decoding=\"async\" width=\"720\" height=\"960\" data-id=\"241\" src=\"https:\/\/marcrebuffo.com\/wp-content\/uploads\/2024\/01\/IMG_5497.jpg\" alt=\"\" class=\"wp-image-241\" srcset=\"https:\/\/marcrebuffo.com\/wp-content\/uploads\/2024\/01\/IMG_5497.jpg 720w, https:\/\/marcrebuffo.com\/wp-content\/uploads\/2024\/01\/IMG_5497-600x800.jpg 600w, https:\/\/marcrebuffo.com\/wp-content\/uploads\/2024\/01\/IMG_5497-225x300.jpg 225w\" sizes=\"auto, (max-width: 720px) 100vw, 720px\" \/><\/figure>\n<\/figure>\n\n\n\n<figure class=\"wp-block-gallery has-nested-images columns-default is-cropped wp-block-gallery-4 is-layout-flex wp-block-gallery-is-layout-flex\">\n<figure class=\"wp-block-image size-large\"><img loading=\"lazy\" decoding=\"async\" width=\"480\" height=\"720\" data-id=\"242\" src=\"https:\/\/marcrebuffo.com\/wp-content\/uploads\/2024\/01\/IMG_5496.jpg\" alt=\"\" class=\"wp-image-242\" srcset=\"https:\/\/marcrebuffo.com\/wp-content\/uploads\/2024\/01\/IMG_5496.jpg 480w, https:\/\/marcrebuffo.com\/wp-content\/uploads\/2024\/01\/IMG_5496-200x300.jpg 200w\" sizes=\"auto, (max-width: 480px) 100vw, 480px\" \/><\/figure>\n<\/figure>\n","protected":false},"excerpt":{"rendered":"<p>Apiculteurs, r\u00e9coltants, producteurs de miel, gel\u00e9e royale, produits d\u00e9riv\u00e9s du miel (nougats, bonbons, pains d&rsquo;\u00e9pices&#8230;) Destruction de nids de frelons (interventions garanties toutes hauteurs et prix comp\u00e9titifs) Tel 06 20 65 64 30 7\/7 jours 24\/24<\/p>\n","protected":false},"author":1,"featured_media":355,"parent":0,"menu_order":0,"comment_status":"closed","ping_status":"closed","template":"templates\/template-full-width.php","meta":{"footnotes":""},"class_list":["post-17","page","type-page","status-publish","has-post-thumbnail","hentry"],"_links":{"self":[{"href":"https:\/\/marcrebuffo.com\/index.php\/wp-json\/wp\/v2\/pages\/17","targetHints":{"allow":["GET"]}}],"collection":[{"href":"https:\/\/marcrebuffo.com\/index.php\/wp-json\/wp\/v2\/pages"}],"about":[{"href":"https:\/\/marcrebuffo.com\/index.php\/wp-json\/wp\/v2\/types\/page"}],"author":[{"embeddable":true,"href":"https:\/\/marcrebuffo.com\/index.php\/wp-json\/wp\/v2\/users\/1"}],"replies":[{"embeddable":true,"href":"https:\/\/marcrebuffo.com\/index.php\/wp-json\/wp\/v2\/comments?post=17"}],"version-history":[{"count":37,"href":"https:\/\/marcrebuffo.com\/index.php\/wp-json\/wp\/v2\/pages\/17\/revisions"}],"predecessor-version":[{"id":354,"href":"https:\/\/marcrebuffo.com\/index.php\/wp-json\/wp\/v2\/pages\/17\/revisions\/354"}],"wp:featuredmedia":[{"embeddable":true,"href":"https:\/\/marcrebuffo.com\/index.php\/wp-json\/wp\/v2\/media\/355"}],"wp:attachment":[{"href":"https:\/\/marcrebuffo.com\/index.php\/wp-json\/wp\/v2\/media?parent=17"}],"curies":[{"name":"wp","href":"https:\/\/api.w.org\/{rel}","templated":true}]}}