{"id":416,"date":"2025-11-24T14:20:04","date_gmt":"2025-11-24T13:20:04","guid":{"rendered":"https:\/\/marcrebuffo.com\/index.php\/produit\/coffret-le-provencal-2\/"},"modified":"2026-03-04T12:23:55","modified_gmt":"2026-03-04T11:23:55","slug":"coffret-le-provencal-2","status":"publish","type":"product","link":"https:\/\/marcrebuffo.com\/index.php\/produit\/coffret-le-provencal-2\/","title":{"rendered":"Coffret Le Proven\u00e7al"},"content":{"rendered":"<p>Voyagez en Provence avec ce coffret d\u00e9couverte. Savourez l&rsquo;authenticit\u00e9 de notre miel, le croquant du nougat noir et la douceur de nos bonbons artisanaux pour un pur moment de plaisir gourmand.<\/p>\n","protected":false},"excerpt":{"rendered":"<p>Un assortiment id\u00e9al pour d\u00e9couvrir nos douceurs.<\/p>\n<ul class=\"wp-block-list\">\n<li>1 pots de Miel 250g<\/li>\n<li>2 nougats noirs au Miel et amandes (100g)<\/li>\n<li>1 Bonbons au Miel fa\u00e7on Berlingots (100g)<\/li>\n<\/ul>\n","protected":false},"featured_media":301,"template":"","meta":[],"product_brand":[],"product_cat":[19],"product_tag":[],"class_list":{"0":"post-416","1":"product","2":"type-product","3":"status-publish","4":"has-post-thumbnail","6":"product_cat-coffret","8":"first","9":"instock","10":"taxable","11":"shipping-taxable","12":"purchasable","13":"product-type-simple"},"_links":{"self":[{"href":"https:\/\/marcrebuffo.com\/index.php\/wp-json\/wp\/v2\/product\/416","targetHints":{"allow":["GET"]}}],"collection":[{"href":"https:\/\/marcrebuffo.com\/index.php\/wp-json\/wp\/v2\/product"}],"about":[{"href":"https:\/\/marcrebuffo.com\/index.php\/wp-json\/wp\/v2\/types\/product"}],"wp:featuredmedia":[{"embeddable":true,"href":"https:\/\/marcrebuffo.com\/index.php\/wp-json\/wp\/v2\/media\/301"}],"wp:attachment":[{"href":"https:\/\/marcrebuffo.com\/index.php\/wp-json\/wp\/v2\/media?parent=416"}],"wp:term":[{"taxonomy":"product_brand","embeddable":true,"href":"https:\/\/marcrebuffo.com\/index.php\/wp-json\/wp\/v2\/product_brand?post=416"},{"taxonomy":"product_cat","embeddable":true,"href":"https:\/\/marcrebuffo.com\/index.php\/wp-json\/wp\/v2\/product_cat?post=416"},{"taxonomy":"product_tag","embeddable":true,"href":"https:\/\/marcrebuffo.com\/index.php\/wp-json\/wp\/v2\/product_tag?post=416"}],"curies":[{"name":"wp","href":"https:\/\/api.w.org\/{rel}","templated":true}]}}