{"id":418,"date":"2025-11-24T14:20:05","date_gmt":"2025-11-24T13:20:05","guid":{"rendered":"https:\/\/marcrebuffo.com\/index.php\/produit\/coffret-le-precieux\/"},"modified":"2026-03-04T12:23:23","modified_gmt":"2026-03-04T11:23:23","slug":"coffret-le-precieux","status":"publish","type":"product","link":"https:\/\/marcrebuffo.com\/index.php\/produit\/coffret-le-precieux\/","title":{"rendered":"Coffret Le pr\u00e9cieux"},"content":{"rendered":"<p>Offrez cette s\u00e9lection raffin\u00e9e. Trois miels d&rsquo;exception accompagnent nos meilleures confiseries : nougat noir, croquants aux amandes et bonbons au miel, pour une exp\u00e9rience gustative riche et vari\u00e9e.<\/p>\n","protected":false},"excerpt":{"rendered":"<p>Une s\u00e9lection raffin\u00e9e de 3 miels et confiseries.<\/p>\n<ul class=\"wp-block-list\">\n<li>3 pots de Miel 125g<\/li>\n<li>1 Nougat noir au Miel et amandes (100g)<\/li>\n<li>1 Croquants au Miel et amandes (150g)<\/li>\n<li>1 Bonbons au Miel fa\u00e7on Berlingots (100g)<\/li>\n<\/ul>\n","protected":false},"featured_media":308,"template":"","meta":[],"product_brand":[],"product_cat":[19],"product_tag":[],"class_list":{"0":"post-418","1":"product","2":"type-product","3":"status-publish","4":"has-post-thumbnail","6":"product_cat-coffret","8":"first","9":"instock","10":"taxable","11":"shipping-taxable","12":"purchasable","13":"product-type-simple"},"_links":{"self":[{"href":"https:\/\/marcrebuffo.com\/index.php\/wp-json\/wp\/v2\/product\/418","targetHints":{"allow":["GET"]}}],"collection":[{"href":"https:\/\/marcrebuffo.com\/index.php\/wp-json\/wp\/v2\/product"}],"about":[{"href":"https:\/\/marcrebuffo.com\/index.php\/wp-json\/wp\/v2\/types\/product"}],"wp:featuredmedia":[{"embeddable":true,"href":"https:\/\/marcrebuffo.com\/index.php\/wp-json\/wp\/v2\/media\/308"}],"wp:attachment":[{"href":"https:\/\/marcrebuffo.com\/index.php\/wp-json\/wp\/v2\/media?parent=418"}],"wp:term":[{"taxonomy":"product_brand","embeddable":true,"href":"https:\/\/marcrebuffo.com\/index.php\/wp-json\/wp\/v2\/product_brand?post=418"},{"taxonomy":"product_cat","embeddable":true,"href":"https:\/\/marcrebuffo.com\/index.php\/wp-json\/wp\/v2\/product_cat?post=418"},{"taxonomy":"product_tag","embeddable":true,"href":"https:\/\/marcrebuffo.com\/index.php\/wp-json\/wp\/v2\/product_tag?post=418"}],"curies":[{"name":"wp","href":"https:\/\/api.w.org\/{rel}","templated":true}]}}