{"id":419,"date":"2025-11-24T14:20:05","date_gmt":"2025-11-24T13:20:05","guid":{"rendered":"https:\/\/marcrebuffo.com\/index.php\/produit\/coffret-le-douceur\/"},"modified":"2026-03-04T12:22:36","modified_gmt":"2026-03-04T11:22:36","slug":"coffret-le-douceur","status":"publish","type":"product","link":"https:\/\/marcrebuffo.com\/index.php\/produit\/coffret-le-douceur\/","title":{"rendered":"Coffret Le douceur"},"content":{"rendered":"<p>Plongez dans un univers de tendresse avec ce coffret. Il r\u00e9unit la finesse de nos miels, l&rsquo;onctuosit\u00e9 des nougats et le moelleux incomparable de notre pain d&rsquo;\u00e9pices artisanal.<\/p>\n","protected":false},"excerpt":{"rendered":"<p>De la douceur \u00e0 l&rsquo;\u00e9tat pur avec nos miels et pains d&rsquo;\u00e9pices.<\/p>\n<ul class=\"wp-block-list\">\n<li>2 pots de Miel 125g<\/li>\n<li>1 nougat noirs au Miel et amandes (100g)<\/li>\n<li>1 nougat blanc au Miel (100g)<\/li>\n<li>1 pain d\u2019\u00e9pices (250g)<\/li>\n<\/ul>\n","protected":false},"featured_media":303,"template":"","meta":[],"product_brand":[],"product_cat":[19],"product_tag":[],"class_list":{"0":"post-419","1":"product","2":"type-product","3":"status-publish","4":"has-post-thumbnail","6":"product_cat-coffret","8":"first","9":"outofstock","10":"taxable","11":"shipping-taxable","12":"purchasable","13":"product-type-simple"},"_links":{"self":[{"href":"https:\/\/marcrebuffo.com\/index.php\/wp-json\/wp\/v2\/product\/419","targetHints":{"allow":["GET"]}}],"collection":[{"href":"https:\/\/marcrebuffo.com\/index.php\/wp-json\/wp\/v2\/product"}],"about":[{"href":"https:\/\/marcrebuffo.com\/index.php\/wp-json\/wp\/v2\/types\/product"}],"wp:featuredmedia":[{"embeddable":true,"href":"https:\/\/marcrebuffo.com\/index.php\/wp-json\/wp\/v2\/media\/303"}],"wp:attachment":[{"href":"https:\/\/marcrebuffo.com\/index.php\/wp-json\/wp\/v2\/media?parent=419"}],"wp:term":[{"taxonomy":"product_brand","embeddable":true,"href":"https:\/\/marcrebuffo.com\/index.php\/wp-json\/wp\/v2\/product_brand?post=419"},{"taxonomy":"product_cat","embeddable":true,"href":"https:\/\/marcrebuffo.com\/index.php\/wp-json\/wp\/v2\/product_cat?post=419"},{"taxonomy":"product_tag","embeddable":true,"href":"https:\/\/marcrebuffo.com\/index.php\/wp-json\/wp\/v2\/product_tag?post=419"}],"curies":[{"name":"wp","href":"https:\/\/api.w.org\/{rel}","templated":true}]}}