{"id":420,"date":"2025-11-24T14:20:05","date_gmt":"2025-11-24T13:20:05","guid":{"rendered":"https:\/\/marcrebuffo.com\/index.php\/produit\/coffret-le-gourmand\/"},"modified":"2026-03-04T12:22:24","modified_gmt":"2026-03-04T11:22:24","slug":"coffret-le-gourmand","status":"publish","type":"product","link":"https:\/\/marcrebuffo.com\/index.php\/produit\/coffret-le-gourmand\/","title":{"rendered":"Coffret Le gourmand"},"content":{"rendered":"<p>L&rsquo;apog\u00e9e de la gourmandise pour les passionn\u00e9s. Un grand pot de miel, des nougats vari\u00e9s, des bonbons d\u00e9licats et un g\u00e9n\u00e9reux pain d&rsquo;\u00e9pices composent ce coffret id\u00e9al pour partager.<\/p>\n","protected":false},"excerpt":{"rendered":"<p>Pour les grands amateurs de miel et nougats.<\/p>\n<ul class=\"wp-block-list\">\n<li>1 pot de Miel 500g<\/li>\n<li>1 nougat noir au Miel et amandes (100g)<\/li>\n<li>1 nougat blanc au miel (100g)<\/li>\n<li>1 Bonbons au Miel fa\u00e7on Berlingots (100g)<\/li>\n<li>1 Pain d\u2019\u00e9pices au Miel (250g)<\/li>\n<\/ul>\n","protected":false},"featured_media":304,"template":"","meta":[],"product_brand":[],"product_cat":[19],"product_tag":[],"class_list":{"0":"post-420","1":"product","2":"type-product","3":"status-publish","4":"has-post-thumbnail","6":"product_cat-coffret","8":"first","9":"outofstock","10":"taxable","11":"shipping-taxable","12":"purchasable","13":"product-type-simple"},"_links":{"self":[{"href":"https:\/\/marcrebuffo.com\/index.php\/wp-json\/wp\/v2\/product\/420","targetHints":{"allow":["GET"]}}],"collection":[{"href":"https:\/\/marcrebuffo.com\/index.php\/wp-json\/wp\/v2\/product"}],"about":[{"href":"https:\/\/marcrebuffo.com\/index.php\/wp-json\/wp\/v2\/types\/product"}],"wp:featuredmedia":[{"embeddable":true,"href":"https:\/\/marcrebuffo.com\/index.php\/wp-json\/wp\/v2\/media\/304"}],"wp:attachment":[{"href":"https:\/\/marcrebuffo.com\/index.php\/wp-json\/wp\/v2\/media?parent=420"}],"wp:term":[{"taxonomy":"product_brand","embeddable":true,"href":"https:\/\/marcrebuffo.com\/index.php\/wp-json\/wp\/v2\/product_brand?post=420"},{"taxonomy":"product_cat","embeddable":true,"href":"https:\/\/marcrebuffo.com\/index.php\/wp-json\/wp\/v2\/product_cat?post=420"},{"taxonomy":"product_tag","embeddable":true,"href":"https:\/\/marcrebuffo.com\/index.php\/wp-json\/wp\/v2\/product_tag?post=420"}],"curies":[{"name":"wp","href":"https:\/\/api.w.org\/{rel}","templated":true}]}}