{"id":421,"date":"2025-11-24T14:20:05","date_gmt":"2025-11-24T13:20:05","guid":{"rendered":"https:\/\/marcrebuffo.com\/index.php\/produit\/coffret-le-decomplexe\/"},"modified":"2026-03-04T12:22:16","modified_gmt":"2026-03-04T11:22:16","slug":"coffret-le-decomplexe","status":"publish","type":"product","link":"https:\/\/marcrebuffo.com\/index.php\/produit\/coffret-le-decomplexe\/","title":{"rendered":"Coffret Le d\u00e9complex\u00e9"},"content":{"rendered":"<p>Faites-vous plaisir sans aucune retenue avec ce coffret g\u00e9n\u00e9reux. Il combine trois miels savoureux, tous nos nougats, des bonbons, des croquants et un pain d&rsquo;\u00e9pices pour combler toutes vos envies.<\/p>\n","protected":false},"excerpt":{"rendered":"<p>Le grand format pour se faire plaisir sans compter.<\/p>\n<ul class=\"wp-block-list\">\n<li>3 pots de Miel 250g<\/li>\n<li>1 nougat noir au Miel et amandes (100g)<\/li>\n<li>1 nougat blanc au miel (100g)<\/li>\n<li>1 Bonbons au Miel fa\u00e7on Berlingots (100g)<\/li>\n<li>1 Pain d\u2019\u00e9pices au Miel (250g)<\/li>\n<li>1 Croquants au Miel et amandes (150g)<\/li>\n<\/ul>\n","protected":false},"featured_media":305,"template":"","meta":[],"product_brand":[],"product_cat":[19],"product_tag":[],"class_list":{"0":"post-421","1":"product","2":"type-product","3":"status-publish","4":"has-post-thumbnail","6":"product_cat-coffret","8":"first","9":"outofstock","10":"taxable","11":"shipping-taxable","12":"purchasable","13":"product-type-simple"},"_links":{"self":[{"href":"https:\/\/marcrebuffo.com\/index.php\/wp-json\/wp\/v2\/product\/421","targetHints":{"allow":["GET"]}}],"collection":[{"href":"https:\/\/marcrebuffo.com\/index.php\/wp-json\/wp\/v2\/product"}],"about":[{"href":"https:\/\/marcrebuffo.com\/index.php\/wp-json\/wp\/v2\/types\/product"}],"wp:featuredmedia":[{"embeddable":true,"href":"https:\/\/marcrebuffo.com\/index.php\/wp-json\/wp\/v2\/media\/305"}],"wp:attachment":[{"href":"https:\/\/marcrebuffo.com\/index.php\/wp-json\/wp\/v2\/media?parent=421"}],"wp:term":[{"taxonomy":"product_brand","embeddable":true,"href":"https:\/\/marcrebuffo.com\/index.php\/wp-json\/wp\/v2\/product_brand?post=421"},{"taxonomy":"product_cat","embeddable":true,"href":"https:\/\/marcrebuffo.com\/index.php\/wp-json\/wp\/v2\/product_cat?post=421"},{"taxonomy":"product_tag","embeddable":true,"href":"https:\/\/marcrebuffo.com\/index.php\/wp-json\/wp\/v2\/product_tag?post=421"}],"curies":[{"name":"wp","href":"https:\/\/api.w.org\/{rel}","templated":true}]}}