{"id":422,"date":"2025-11-24T14:20:05","date_gmt":"2025-11-24T13:20:05","guid":{"rendered":"https:\/\/marcrebuffo.com\/index.php\/produit\/coffret-lenchanteur\/"},"modified":"2026-03-04T12:22:04","modified_gmt":"2026-03-04T11:22:04","slug":"coffret-lenchanteur","status":"publish","type":"product","link":"https:\/\/marcrebuffo.com\/index.php\/produit\/coffret-lenchanteur\/","title":{"rendered":"Coffret L\u2019enchanteur"},"content":{"rendered":"<p>L&rsquo;exp\u00e9rience ultime de la miellerie r\u00e9unie ici. Miels vari\u00e9s, nougats artisanaux, pain d&rsquo;\u00e9pices, croquants et amandes caram\u00e9lis\u00e9es au gingembre s&rsquo;associent pour \u00e9veiller vos sens et enchanter vos papilles.<\/p>\n","protected":false},"excerpt":{"rendered":"<p>L&rsquo;exp\u00e9rience compl\u00e8te de la miellerie :<\/p>\n<ul class=\"wp-block-list\">\n<li>3 pots de Miel 250g<\/li>\n<li>1 Nougat noir au Miel et amandes (100g)<\/li>\n<li>1 Nougat blanc au miel (100g)<\/li>\n<li>1 Bonbons au Miel fa\u00e7on Berlingots (100g)<\/li>\n<li>1 Pain d\u2019\u00e9pices au Miel (250g)<\/li>\n<li>1 Croquants au Miel et amandes (150g)<\/li>\n<li>1 Amandes caram\u00e9lis\u00e9es miel\/gingembre (120g)<\/li>\n<\/ul>\n","protected":false},"featured_media":306,"template":"","meta":[],"product_brand":[],"product_cat":[19],"product_tag":[],"class_list":{"0":"post-422","1":"product","2":"type-product","3":"status-publish","4":"has-post-thumbnail","6":"product_cat-coffret","8":"first","9":"outofstock","10":"taxable","11":"shipping-taxable","12":"purchasable","13":"product-type-simple"},"_links":{"self":[{"href":"https:\/\/marcrebuffo.com\/index.php\/wp-json\/wp\/v2\/product\/422","targetHints":{"allow":["GET"]}}],"collection":[{"href":"https:\/\/marcrebuffo.com\/index.php\/wp-json\/wp\/v2\/product"}],"about":[{"href":"https:\/\/marcrebuffo.com\/index.php\/wp-json\/wp\/v2\/types\/product"}],"wp:featuredmedia":[{"embeddable":true,"href":"https:\/\/marcrebuffo.com\/index.php\/wp-json\/wp\/v2\/media\/306"}],"wp:attachment":[{"href":"https:\/\/marcrebuffo.com\/index.php\/wp-json\/wp\/v2\/media?parent=422"}],"wp:term":[{"taxonomy":"product_brand","embeddable":true,"href":"https:\/\/marcrebuffo.com\/index.php\/wp-json\/wp\/v2\/product_brand?post=422"},{"taxonomy":"product_cat","embeddable":true,"href":"https:\/\/marcrebuffo.com\/index.php\/wp-json\/wp\/v2\/product_cat?post=422"},{"taxonomy":"product_tag","embeddable":true,"href":"https:\/\/marcrebuffo.com\/index.php\/wp-json\/wp\/v2\/product_tag?post=422"}],"curies":[{"name":"wp","href":"https:\/\/api.w.org\/{rel}","templated":true}]}}