{"id":423,"date":"2025-11-24T14:20:05","date_gmt":"2025-11-24T13:20:05","guid":{"rendered":"https:\/\/marcrebuffo.com\/index.php\/produit\/bonbons-au-miel-facon-berlingots\/"},"modified":"2026-03-04T12:38:33","modified_gmt":"2026-03-04T11:38:33","slug":"bonbons-au-miel-facon-berlingots","status":"publish","type":"product","link":"https:\/\/marcrebuffo.com\/index.php\/produit\/bonbons-au-miel-facon-berlingots\/","title":{"rendered":"Bonbons au Miel fa\u00e7on Berlingots"},"content":{"rendered":"<p>Retrouvez le go\u00fbt de l&rsquo;enfance avec nos bonbons au miel fa\u00e7on berlingots. Une douceur artisanale aux ar\u00f4mes naturels qui fond d\u00e9licatement en bouche pour un plaisir sucr\u00e9 simple et authentique.<\/p>\n","protected":false},"excerpt":{"rendered":"<p>Sachet gourmand de 130g.<\/p>\n","protected":false},"featured_media":309,"template":"","meta":[],"product_brand":[],"product_cat":[22],"product_tag":[],"class_list":{"0":"post-423","1":"product","2":"type-product","3":"status-publish","4":"has-post-thumbnail","6":"product_cat-produits-derives-du-miel","8":"first","9":"instock","10":"taxable","11":"shipping-taxable","12":"purchasable","13":"product-type-simple"},"_links":{"self":[{"href":"https:\/\/marcrebuffo.com\/index.php\/wp-json\/wp\/v2\/product\/423","targetHints":{"allow":["GET"]}}],"collection":[{"href":"https:\/\/marcrebuffo.com\/index.php\/wp-json\/wp\/v2\/product"}],"about":[{"href":"https:\/\/marcrebuffo.com\/index.php\/wp-json\/wp\/v2\/types\/product"}],"wp:featuredmedia":[{"embeddable":true,"href":"https:\/\/marcrebuffo.com\/index.php\/wp-json\/wp\/v2\/media\/309"}],"wp:attachment":[{"href":"https:\/\/marcrebuffo.com\/index.php\/wp-json\/wp\/v2\/media?parent=423"}],"wp:term":[{"taxonomy":"product_brand","embeddable":true,"href":"https:\/\/marcrebuffo.com\/index.php\/wp-json\/wp\/v2\/product_brand?post=423"},{"taxonomy":"product_cat","embeddable":true,"href":"https:\/\/marcrebuffo.com\/index.php\/wp-json\/wp\/v2\/product_cat?post=423"},{"taxonomy":"product_tag","embeddable":true,"href":"https:\/\/marcrebuffo.com\/index.php\/wp-json\/wp\/v2\/product_tag?post=423"}],"curies":[{"name":"wp","href":"https:\/\/api.w.org\/{rel}","templated":true}]}}