{"id":425,"date":"2025-11-24T14:20:05","date_gmt":"2025-11-24T13:20:05","guid":{"rendered":"https:\/\/marcrebuffo.com\/index.php\/produit\/nougat-blanc-au-miel\/"},"modified":"2026-03-04T12:37:33","modified_gmt":"2026-03-04T11:37:33","slug":"nougat-blanc-au-miel","status":"publish","type":"product","link":"https:\/\/marcrebuffo.com\/index.php\/produit\/nougat-blanc-au-miel\/","title":{"rendered":"Nougat Blanc au Miel"},"content":{"rendered":"<p>D\u00e9gustez la tendresse de notre nougat blanc au miel. Une confiserie moelleuse, riche en amandes, qui r\u00e9v\u00e8le toute la subtilit\u00e9 des ar\u00f4mes floraux du miel pour une pause douceur inoubliable.<\/p>\n","protected":false},"excerpt":{"rendered":"<p>Barre de 100g.<\/p>\n","protected":false},"featured_media":311,"template":"","meta":[],"product_brand":[],"product_cat":[22],"product_tag":[],"class_list":{"0":"post-425","1":"product","2":"type-product","3":"status-publish","4":"has-post-thumbnail","6":"product_cat-produits-derives-du-miel","8":"first","9":"instock","10":"taxable","11":"shipping-taxable","12":"purchasable","13":"product-type-simple"},"_links":{"self":[{"href":"https:\/\/marcrebuffo.com\/index.php\/wp-json\/wp\/v2\/product\/425","targetHints":{"allow":["GET"]}}],"collection":[{"href":"https:\/\/marcrebuffo.com\/index.php\/wp-json\/wp\/v2\/product"}],"about":[{"href":"https:\/\/marcrebuffo.com\/index.php\/wp-json\/wp\/v2\/types\/product"}],"wp:featuredmedia":[{"embeddable":true,"href":"https:\/\/marcrebuffo.com\/index.php\/wp-json\/wp\/v2\/media\/311"}],"wp:attachment":[{"href":"https:\/\/marcrebuffo.com\/index.php\/wp-json\/wp\/v2\/media?parent=425"}],"wp:term":[{"taxonomy":"product_brand","embeddable":true,"href":"https:\/\/marcrebuffo.com\/index.php\/wp-json\/wp\/v2\/product_brand?post=425"},{"taxonomy":"product_cat","embeddable":true,"href":"https:\/\/marcrebuffo.com\/index.php\/wp-json\/wp\/v2\/product_cat?post=425"},{"taxonomy":"product_tag","embeddable":true,"href":"https:\/\/marcrebuffo.com\/index.php\/wp-json\/wp\/v2\/product_tag?post=425"}],"curies":[{"name":"wp","href":"https:\/\/api.w.org\/{rel}","templated":true}]}}