{"id":426,"date":"2025-11-24T14:20:05","date_gmt":"2025-11-24T13:20:05","guid":{"rendered":"https:\/\/marcrebuffo.com\/index.php\/produit\/nougat-noir-au-miel-et-amandes\/"},"modified":"2026-03-04T12:37:22","modified_gmt":"2026-03-04T11:37:22","slug":"nougat-noir-au-miel-et-amandes","status":"publish","type":"product","link":"https:\/\/marcrebuffo.com\/index.php\/produit\/nougat-noir-au-miel-et-amandes\/","title":{"rendered":"Nougat Noir au Miel et Amandes"},"content":{"rendered":"<p>L&rsquo;authenticit\u00e9 du nougat noir proven\u00e7al, cuit traditionnellement au chaudron. Le mariage intense du miel caram\u00e9lis\u00e9 et des amandes torr\u00e9fi\u00e9es offre un croquant irr\u00e9sistible et des saveurs puissantes.<\/p>\n","protected":false},"excerpt":{"rendered":"<p>Barre de 100g.<\/p>\n","protected":false},"featured_media":312,"template":"","meta":[],"product_brand":[],"product_cat":[22],"product_tag":[],"class_list":{"0":"post-426","1":"product","2":"type-product","3":"status-publish","4":"has-post-thumbnail","6":"product_cat-produits-derives-du-miel","8":"first","9":"instock","10":"taxable","11":"shipping-taxable","12":"purchasable","13":"product-type-simple"},"_links":{"self":[{"href":"https:\/\/marcrebuffo.com\/index.php\/wp-json\/wp\/v2\/product\/426","targetHints":{"allow":["GET"]}}],"collection":[{"href":"https:\/\/marcrebuffo.com\/index.php\/wp-json\/wp\/v2\/product"}],"about":[{"href":"https:\/\/marcrebuffo.com\/index.php\/wp-json\/wp\/v2\/types\/product"}],"wp:featuredmedia":[{"embeddable":true,"href":"https:\/\/marcrebuffo.com\/index.php\/wp-json\/wp\/v2\/media\/312"}],"wp:attachment":[{"href":"https:\/\/marcrebuffo.com\/index.php\/wp-json\/wp\/v2\/media?parent=426"}],"wp:term":[{"taxonomy":"product_brand","embeddable":true,"href":"https:\/\/marcrebuffo.com\/index.php\/wp-json\/wp\/v2\/product_brand?post=426"},{"taxonomy":"product_cat","embeddable":true,"href":"https:\/\/marcrebuffo.com\/index.php\/wp-json\/wp\/v2\/product_cat?post=426"},{"taxonomy":"product_tag","embeddable":true,"href":"https:\/\/marcrebuffo.com\/index.php\/wp-json\/wp\/v2\/product_tag?post=426"}],"curies":[{"name":"wp","href":"https:\/\/api.w.org\/{rel}","templated":true}]}}