{"id":429,"date":"2025-11-24T14:20:06","date_gmt":"2025-11-24T13:20:06","guid":{"rendered":"https:\/\/marcrebuffo.com\/index.php\/produit\/amandes-caramelisees-miel-gingembre\/"},"modified":"2026-03-04T12:36:13","modified_gmt":"2026-03-04T11:36:13","slug":"amandes-caramelisees-miel-gingembre","status":"publish","type":"product","link":"https:\/\/marcrebuffo.com\/index.php\/produit\/amandes-caramelisees-miel-gingembre\/","title":{"rendered":"Amandes Caram\u00e9lis\u00e9es Miel &#038; Gingembre"},"content":{"rendered":"<p>Laissez-vous surprendre par nos amandes enrob\u00e9es de miel et relev\u00e9es de gingembre. Un \u00e9quilibre audacieux entre sucr\u00e9 et \u00e9pic\u00e9 pour une friandise originale, croquante et totalement addictive.<\/p>\n","protected":false},"excerpt":{"rendered":"<p>Sachet de 120g.<\/p>\n","protected":false},"featured_media":314,"template":"","meta":[],"product_brand":[],"product_cat":[22],"product_tag":[],"class_list":{"0":"post-429","1":"product","2":"type-product","3":"status-publish","4":"has-post-thumbnail","6":"product_cat-produits-derives-du-miel","8":"first","9":"instock","10":"taxable","11":"shipping-taxable","12":"purchasable","13":"product-type-simple"},"_links":{"self":[{"href":"https:\/\/marcrebuffo.com\/index.php\/wp-json\/wp\/v2\/product\/429","targetHints":{"allow":["GET"]}}],"collection":[{"href":"https:\/\/marcrebuffo.com\/index.php\/wp-json\/wp\/v2\/product"}],"about":[{"href":"https:\/\/marcrebuffo.com\/index.php\/wp-json\/wp\/v2\/types\/product"}],"wp:featuredmedia":[{"embeddable":true,"href":"https:\/\/marcrebuffo.com\/index.php\/wp-json\/wp\/v2\/media\/314"}],"wp:attachment":[{"href":"https:\/\/marcrebuffo.com\/index.php\/wp-json\/wp\/v2\/media?parent=429"}],"wp:term":[{"taxonomy":"product_brand","embeddable":true,"href":"https:\/\/marcrebuffo.com\/index.php\/wp-json\/wp\/v2\/product_brand?post=429"},{"taxonomy":"product_cat","embeddable":true,"href":"https:\/\/marcrebuffo.com\/index.php\/wp-json\/wp\/v2\/product_cat?post=429"},{"taxonomy":"product_tag","embeddable":true,"href":"https:\/\/marcrebuffo.com\/index.php\/wp-json\/wp\/v2\/product_tag?post=429"}],"curies":[{"name":"wp","href":"https:\/\/api.w.org\/{rel}","templated":true}]}}