{"id":430,"date":"2025-11-24T14:20:06","date_gmt":"2025-11-24T13:20:06","guid":{"rendered":"https:\/\/marcrebuffo.com\/index.php\/produit\/miel-de-la-foret-domaniale-esterel-250g\/"},"modified":"2026-03-04T12:35:40","modified_gmt":"2026-03-04T11:35:40","slug":"miel-de-la-foret-domaniale-esterel-250g","status":"publish","type":"product","link":"https:\/\/marcrebuffo.com\/index.php\/produit\/miel-de-la-foret-domaniale-esterel-250g\/","title":{"rendered":"Miel de la For\u00eat Domaniale Esterel (250g)"},"content":{"rendered":"<p>D\u00e9couvrez la puissance de la for\u00eat de l&rsquo;Esterel. Ce miel sombre et cors\u00e9 d\u00e9voile des notes bois\u00e9es et caram\u00e9lis\u00e9es intenses, parfait pour les amateurs de saveurs authentiques et de caract\u00e8re.<\/p>\n","protected":false},"excerpt":{"rendered":"<p>Pot de 250g.<\/p>\n","protected":false},"featured_media":319,"template":"","meta":[],"product_brand":[],"product_cat":[21],"product_tag":[],"class_list":{"0":"post-430","1":"product","2":"type-product","3":"status-publish","4":"has-post-thumbnail","6":"product_cat-miel","8":"first","9":"instock","10":"taxable","11":"shipping-taxable","12":"purchasable","13":"product-type-simple"},"_links":{"self":[{"href":"https:\/\/marcrebuffo.com\/index.php\/wp-json\/wp\/v2\/product\/430","targetHints":{"allow":["GET"]}}],"collection":[{"href":"https:\/\/marcrebuffo.com\/index.php\/wp-json\/wp\/v2\/product"}],"about":[{"href":"https:\/\/marcrebuffo.com\/index.php\/wp-json\/wp\/v2\/types\/product"}],"wp:featuredmedia":[{"embeddable":true,"href":"https:\/\/marcrebuffo.com\/index.php\/wp-json\/wp\/v2\/media\/319"}],"wp:attachment":[{"href":"https:\/\/marcrebuffo.com\/index.php\/wp-json\/wp\/v2\/media?parent=430"}],"wp:term":[{"taxonomy":"product_brand","embeddable":true,"href":"https:\/\/marcrebuffo.com\/index.php\/wp-json\/wp\/v2\/product_brand?post=430"},{"taxonomy":"product_cat","embeddable":true,"href":"https:\/\/marcrebuffo.com\/index.php\/wp-json\/wp\/v2\/product_cat?post=430"},{"taxonomy":"product_tag","embeddable":true,"href":"https:\/\/marcrebuffo.com\/index.php\/wp-json\/wp\/v2\/product_tag?post=430"}],"curies":[{"name":"wp","href":"https:\/\/api.w.org\/{rel}","templated":true}]}}