{"id":433,"date":"2025-11-24T14:20:06","date_gmt":"2025-11-24T13:20:06","guid":{"rendered":"https:\/\/marcrebuffo.com\/index.php\/produit\/miel-de-garrigue-500g\/"},"modified":"2026-03-04T12:35:07","modified_gmt":"2026-03-04T11:35:07","slug":"miel-de-garrigue-500g","status":"publish","type":"product","link":"https:\/\/marcrebuffo.com\/index.php\/produit\/miel-de-garrigue-500g\/","title":{"rendered":"Miel de Garrigue (500g)"},"content":{"rendered":"<p>Un concentr\u00e9 de soleil en grand format. Ce miel ambr\u00e9 aux ar\u00f4mes fruit\u00e9s et aromatiques capture toute l&rsquo;essence des plantes m\u00e9diterran\u00e9ennes pour parfumer d\u00e9licatement vos tisanes et tartines.<\/p>\n","protected":false},"excerpt":{"rendered":"<p>Pot de 500g.<\/p>\n","protected":false},"featured_media":318,"template":"","meta":[],"product_brand":[],"product_cat":[21],"product_tag":[],"class_list":{"0":"post-433","1":"product","2":"type-product","3":"status-publish","4":"has-post-thumbnail","6":"product_cat-miel","8":"first","9":"instock","10":"taxable","11":"shipping-taxable","12":"purchasable","13":"product-type-simple"},"_links":{"self":[{"href":"https:\/\/marcrebuffo.com\/index.php\/wp-json\/wp\/v2\/product\/433","targetHints":{"allow":["GET"]}}],"collection":[{"href":"https:\/\/marcrebuffo.com\/index.php\/wp-json\/wp\/v2\/product"}],"about":[{"href":"https:\/\/marcrebuffo.com\/index.php\/wp-json\/wp\/v2\/types\/product"}],"wp:featuredmedia":[{"embeddable":true,"href":"https:\/\/marcrebuffo.com\/index.php\/wp-json\/wp\/v2\/media\/318"}],"wp:attachment":[{"href":"https:\/\/marcrebuffo.com\/index.php\/wp-json\/wp\/v2\/media?parent=433"}],"wp:term":[{"taxonomy":"product_brand","embeddable":true,"href":"https:\/\/marcrebuffo.com\/index.php\/wp-json\/wp\/v2\/product_brand?post=433"},{"taxonomy":"product_cat","embeddable":true,"href":"https:\/\/marcrebuffo.com\/index.php\/wp-json\/wp\/v2\/product_cat?post=433"},{"taxonomy":"product_tag","embeddable":true,"href":"https:\/\/marcrebuffo.com\/index.php\/wp-json\/wp\/v2\/product_tag?post=433"}],"curies":[{"name":"wp","href":"https:\/\/api.w.org\/{rel}","templated":true}]}}