{"id":434,"date":"2025-11-24T14:20:06","date_gmt":"2025-11-24T13:20:06","guid":{"rendered":"https:\/\/marcrebuffo.com\/index.php\/produit\/miel-de-printemps-250g\/"},"modified":"2026-03-04T12:34:49","modified_gmt":"2026-03-04T11:34:49","slug":"miel-de-printemps-250g","status":"publish","type":"product","link":"https:\/\/marcrebuffo.com\/index.php\/produit\/miel-de-printemps-250g\/","title":{"rendered":"Miel de Printemps (250g)"},"content":{"rendered":"<p>C\u00e9l\u00e9brez le renouveau avec ce miel clair et onctueux. Issu des premi\u00e8res fleurs de la saison, il offre une saveur douce, florale et d\u00e9licate qui plaira aux petits comme aux grands.<\/p>\n","protected":false},"excerpt":{"rendered":"<p>Pot de 250g.<\/p>\n","protected":false},"featured_media":317,"template":"","meta":[],"product_brand":[],"product_cat":[21],"product_tag":[],"class_list":{"0":"post-434","1":"product","2":"type-product","3":"status-publish","4":"has-post-thumbnail","6":"product_cat-miel","8":"first","9":"instock","10":"taxable","11":"shipping-taxable","12":"purchasable","13":"product-type-simple"},"_links":{"self":[{"href":"https:\/\/marcrebuffo.com\/index.php\/wp-json\/wp\/v2\/product\/434","targetHints":{"allow":["GET"]}}],"collection":[{"href":"https:\/\/marcrebuffo.com\/index.php\/wp-json\/wp\/v2\/product"}],"about":[{"href":"https:\/\/marcrebuffo.com\/index.php\/wp-json\/wp\/v2\/types\/product"}],"wp:featuredmedia":[{"embeddable":true,"href":"https:\/\/marcrebuffo.com\/index.php\/wp-json\/wp\/v2\/media\/317"}],"wp:attachment":[{"href":"https:\/\/marcrebuffo.com\/index.php\/wp-json\/wp\/v2\/media?parent=434"}],"wp:term":[{"taxonomy":"product_brand","embeddable":true,"href":"https:\/\/marcrebuffo.com\/index.php\/wp-json\/wp\/v2\/product_brand?post=434"},{"taxonomy":"product_cat","embeddable":true,"href":"https:\/\/marcrebuffo.com\/index.php\/wp-json\/wp\/v2\/product_cat?post=434"},{"taxonomy":"product_tag","embeddable":true,"href":"https:\/\/marcrebuffo.com\/index.php\/wp-json\/wp\/v2\/product_tag?post=434"}],"curies":[{"name":"wp","href":"https:\/\/api.w.org\/{rel}","templated":true}]}}