{"id":437,"date":"2025-11-24T14:20:07","date_gmt":"2025-11-24T13:20:07","guid":{"rendered":"https:\/\/marcrebuffo.com\/index.php\/produit\/miel-de-lavande-500g\/"},"modified":"2026-03-04T12:33:49","modified_gmt":"2026-03-04T11:33:49","slug":"miel-de-lavande-500g","status":"publish","type":"product","link":"https:\/\/marcrebuffo.com\/index.php\/produit\/miel-de-lavande-500g\/","title":{"rendered":"Miel de Lavande (500g)"},"content":{"rendered":"<p>L&#8217;embl\u00e8me de la Provence en grand pot. Ce miel onctueux et tr\u00e8s parfum\u00e9, aux notes florales caract\u00e9ristiques, est un v\u00e9ritable tr\u00e9sor gustatif reconnu pour sa finesse et sa longueur en bouche.<\/p>\n","protected":false},"excerpt":{"rendered":"<p>Pot de 500g.<\/p>\n","protected":false},"featured_media":316,"template":"","meta":[],"product_brand":[],"product_cat":[21],"product_tag":[],"class_list":{"0":"post-437","1":"product","2":"type-product","3":"status-publish","4":"has-post-thumbnail","6":"product_cat-miel","8":"first","9":"instock","10":"taxable","11":"shipping-taxable","12":"purchasable","13":"product-type-simple"},"_links":{"self":[{"href":"https:\/\/marcrebuffo.com\/index.php\/wp-json\/wp\/v2\/product\/437","targetHints":{"allow":["GET"]}}],"collection":[{"href":"https:\/\/marcrebuffo.com\/index.php\/wp-json\/wp\/v2\/product"}],"about":[{"href":"https:\/\/marcrebuffo.com\/index.php\/wp-json\/wp\/v2\/types\/product"}],"wp:featuredmedia":[{"embeddable":true,"href":"https:\/\/marcrebuffo.com\/index.php\/wp-json\/wp\/v2\/media\/316"}],"wp:attachment":[{"href":"https:\/\/marcrebuffo.com\/index.php\/wp-json\/wp\/v2\/media?parent=437"}],"wp:term":[{"taxonomy":"product_brand","embeddable":true,"href":"https:\/\/marcrebuffo.com\/index.php\/wp-json\/wp\/v2\/product_brand?post=437"},{"taxonomy":"product_cat","embeddable":true,"href":"https:\/\/marcrebuffo.com\/index.php\/wp-json\/wp\/v2\/product_cat?post=437"},{"taxonomy":"product_tag","embeddable":true,"href":"https:\/\/marcrebuffo.com\/index.php\/wp-json\/wp\/v2\/product_tag?post=437"}],"curies":[{"name":"wp","href":"https:\/\/api.w.org\/{rel}","templated":true}]}}