{"id":439,"date":"2025-11-24T14:20:07","date_gmt":"2025-11-24T13:20:07","guid":{"rendered":"https:\/\/marcrebuffo.com\/index.php\/produit\/gelee-royale-cure-40-jours\/"},"modified":"2026-03-04T12:19:11","modified_gmt":"2026-03-04T11:19:11","slug":"gelee-royale-cure-40-jours","status":"publish","type":"product","link":"https:\/\/marcrebuffo.com\/index.php\/produit\/gelee-royale-cure-40-jours\/","title":{"rendered":"Gel\u00e9e Royale &#8211; Cure 50 jours"},"content":{"rendered":"<p>Offrez \u00e0 votre corps une cure compl\u00e8te de vitalit\u00e9 avec notre gel\u00e9e royale pure (25g). Ce tr\u00e9sor de la ruche est reconnu pour ses propri\u00e9t\u00e9s fortifiantes exceptionnelles et naturelles.<\/p>\n","protected":false},"excerpt":{"rendered":"<p>Pot de 25g.<\/p>\n","protected":false},"featured_media":174,"template":"","meta":[],"product_brand":[],"product_cat":[20],"product_tag":[],"class_list":{"0":"post-439","1":"product","2":"type-product","3":"status-publish","4":"has-post-thumbnail","6":"product_cat-gelee-royale","8":"first","9":"instock","10":"taxable","11":"shipping-taxable","12":"purchasable","13":"product-type-simple"},"_links":{"self":[{"href":"https:\/\/marcrebuffo.com\/index.php\/wp-json\/wp\/v2\/product\/439","targetHints":{"allow":["GET"]}}],"collection":[{"href":"https:\/\/marcrebuffo.com\/index.php\/wp-json\/wp\/v2\/product"}],"about":[{"href":"https:\/\/marcrebuffo.com\/index.php\/wp-json\/wp\/v2\/types\/product"}],"wp:featuredmedia":[{"embeddable":true,"href":"https:\/\/marcrebuffo.com\/index.php\/wp-json\/wp\/v2\/media\/174"}],"wp:attachment":[{"href":"https:\/\/marcrebuffo.com\/index.php\/wp-json\/wp\/v2\/media?parent=439"}],"wp:term":[{"taxonomy":"product_brand","embeddable":true,"href":"https:\/\/marcrebuffo.com\/index.php\/wp-json\/wp\/v2\/product_brand?post=439"},{"taxonomy":"product_cat","embeddable":true,"href":"https:\/\/marcrebuffo.com\/index.php\/wp-json\/wp\/v2\/product_cat?post=439"},{"taxonomy":"product_tag","embeddable":true,"href":"https:\/\/marcrebuffo.com\/index.php\/wp-json\/wp\/v2\/product_tag?post=439"}],"curies":[{"name":"wp","href":"https:\/\/api.w.org\/{rel}","templated":true}]}}